{"id":167,"date":"2020-08-10T12:39:33","date_gmt":"2020-08-10T12:39:33","guid":{"rendered":"https:\/\/www.marrakechtourguide.com\/blog\/?page_id=167"},"modified":"2021-04-12T16:22:22","modified_gmt":"2021-04-12T16:22:22","slug":"marrakesch-wustentour-marrakesch-reiseleiter-marokko-wustentouren","status":"publish","type":"page","link":"https:\/\/www.marrakechtourguide.com\/blog\/marrakesch-wustentour-marrakesch-reiseleiter-marokko-wustentouren\/","title":{"rendered":"Marrakesch w\u00fcstentour &#8211; Marrakesch Reiseleiter &#8211; Marokko W\u00fcstentouren"},"content":{"rendered":"<style>p { font-size: 18px;}@media (max-width: 400px) {.wpcf7{width:300px !important;}.wpcf7-form-control{width:290px !important;}}<\/style>\n<p><img loading=\"lazy\" width=\"960\" height=\"750\" class=\"img-fluid size-full wp-image-157\" src=\"https:\/\/www.marrakechtourguide.com\/blog\/wp-content\/uploads\/2020\/08\/Marrakesch-w\u00fcstentour-Marrakesch-Reiseleiter-Marokko-W\u00fcstentouren.jpg\" alt=\"Marrakesch w\u00fcstentour Marrakesch Reiseleiter Marokko W\u00fcstentouren\" srcset=\"https:\/\/www.marrakechtourguide.com\/blog\/wp-content\/uploads\/2020\/08\/Marrakesch-w\u00fcstentour-Marrakesch-Reiseleiter-Marokko-W\u00fcstentouren.jpg 960w, https:\/\/www.marrakechtourguide.com\/blog\/wp-content\/uploads\/2020\/08\/Marrakesch-w\u00fcstentour-Marrakesch-Reiseleiter-Marokko-W\u00fcstentouren-300x234.jpg 300w, https:\/\/www.marrakechtourguide.com\/blog\/wp-content\/uploads\/2020\/08\/Marrakesch-w\u00fcstentour-Marrakesch-Reiseleiter-Marokko-W\u00fcstentouren-768x600.jpg 768w\" sizes=\"(max-width: 960px) 100vw, 960px\" \/><\/p>\n<h2><span style=\"font-weight: 400;\">Marokko W\u00fcstentouren<\/span><\/h2>\n<p><span style=\"font-weight: 400;\">Marrakesch Tour Guide ist eine Marke eines voll lizenzierten Bonded Tour-Unternehmens mit Sitz in Marrakesch. Wir sind spezialisiert auf die Organisation von W\u00fcstentouren in Marrakesch, Tagesausfl\u00fcgen von Marrakesch, Marokko-Sahara-W\u00fcstentouren von Marrakesch nach Fes (Fes), W\u00fcstensafaris nach Zagora und Merzouga Erg Chigaga. Unsere W\u00fcstentouren und mehrt\u00e4gigen Ausfl\u00fcge in Marrakesch variieren von einer zweit\u00e4gigen W\u00fcstentour von Marrakesch nach Zagora, einer dreit\u00e4gigen Marokko-Sahara-W\u00fcstentour von Marrakesch nach Merzouga, einer viert\u00e4gigen Marokko-W\u00fcstentour, die Zagora und Merzouga kombiniert, einer viert\u00e4gigen Sahara-W\u00fcste Tour nach Erg Chigaga (Cheggaga), eine W\u00fcstentour \u00fcber Fez nach Marrakesch oder eine dreit\u00e4gige Tour von Marrakesch nach Fes \u00fcber die Sahara mit einem Kamel-Trekking-Abenteuer und einer \u00dcbernachtung im Beduinen-W\u00fcstencamp mitten in den Erg Chebbi-D\u00fcnen. Unsere Preise f\u00fcr W\u00fcstentouren in Marrakesch sind die besten auf dem Markt, die von einem lizenzierten W\u00fcstentouristen angeboten werden. Preis\u00fcbereinstimmung und Ihre Zufriedenheit sind bei uns garantiert.<\/span><\/p>\n<h2><span style=\"font-weight: 400;\">Marrakesch Touren<\/span><\/h2>\n<p><span style=\"font-weight: 400;\">Wenn Sie Lust auf einen Ausflug nach Marrakesch f\u00fcr einen Tag au\u00dferhalb der gesch\u00e4ftigen Medina haben, um die Natur und die Landschaft rund um die rote Stadt Marrakesch zu genie\u00dfen, und nicht unbedingt Ihr Budget sprengen m\u00fcssen, suchen Sie nicht weiter. Unsere t\u00e4glichen Ausfl\u00fcge und Tagesausfl\u00fcge nach Marrakesch werden Ihre Bed\u00fcrfnisse sicherlich befriedigen: Von einem Tagesausflug ins Ourika-Tal ins Atlasgebirge, einem Tagesausflug zu den Ouzoud-Wasserf\u00e4llen, einem Ausflug nach Marrakesch nach Ouarzazate Kasbah Ait Ben Haddou oder sogar einem Fluchtweg an die Atlantikk\u00fcste nach in einem ganzt\u00e4gigen Ausflug von Marrakesch nach Essaouira. T\u00e4gliche Abfahrten werden jeden Morgen garantiert, um an einer Kleingruppentour in einem modernen A \/ C-Minibus mit einem deutschsprachigen Fahrer \/ Guide teilzunehmen. Wenn Sie morgens oder nachmittags mit Ihrer Familie oder Freunden einen lustigen Morgen am Stadtrand von Marrakesch verbringen m\u00f6chten, haben wir ein halbt\u00e4giges Quad-Bike-Abenteuer in Marrakesch und einen Kamelritt in Marrakesch im Schatten der Palmen mit einem Besuch geplant zu einem Berberhaus. Auf Anfrage sind auch private Ausfl\u00fcge und Tagesausfl\u00fcge nach Marrakesch m\u00f6glich. Unser erfahrenes Team kann Ihre privaten Tagesausfl\u00fcge und Aktivit\u00e4ten von Marrakesch aus so anpassen, dass sie auf den Geschmack, das Budget, die Interessen und die Gruppengr\u00f6\u00dfe jedes Einzelnen eingehen.<\/span><\/p>\n<p>&nbsp;<\/p>\n<h2><span style=\"font-weight: 400;\">W\u00fcstentouren in Marrakesch mit uns sind einzigartige Erlebnisse in der W\u00fcste von Marrakesch<\/span><\/h2>\n<p>&nbsp;<\/p>\n<p><span style=\"font-weight: 400;\">Touren, wir sind stolz darauf, problemlose private und preisg\u00fcnstige gemeinsame W\u00fcstenreisen von Marrakesch aus zu organisieren. Wir garantieren das ganze Jahr \u00fcber t\u00e4gliche Marokko-W\u00fcstentouren mit geteiltem Budget ab Marrakesch, egal wie viele Buchungen wir erhalten. Nach Best\u00e4tigung Ihrer Reservierung f\u00fcr eine Marokko-W\u00fcstentour erhalten Sie eine Best\u00e4tigungs-E-Mail mit Ihrem Gutschein. Lehnen Sie sich zur\u00fcck und lassen Sie sich von unseren erfahrenen englischsprachigen Fahrern \/ Guides mit viel Stolz und Enthusiasmus das marokkanische Atlasgebirge, Kasbahs, Oasen und Sandd\u00fcnen zeigen. Jede Marokko-W\u00fcstentour von Marrakesch oder Fes beinhaltet eine \u00dcbernachtung in einem Sahara-W\u00fcstencamp und eine Kameltour in den Sandd\u00fcnen von Erg Chebbi, Zagora-W\u00fcste oder Erg Chigaga-D\u00fcnen, um den Sonnenuntergang und den Sonnenaufgang zu beobachten.<\/span><\/p>\n<p>&nbsp;<\/p>\n<h2><span style=\"font-weight: 400;\">Buchen Sie Ihre Tagesausfl\u00fcge in die W\u00fcste von Marrakesch bei den \u00f6rtlichen Experten<\/span><\/h2>\n<p><span style=\"font-weight: 400;\">Unser Plus ist die Liebe zum Detail mit dem vollen Verst\u00e4ndnis, dass hochwertige private oder gemeinsame W\u00fcstentouren, Tagesausfl\u00fcge und Ausfl\u00fcge in Marrakesch es Ihnen erm\u00f6glichen sollten, mit den lokalen Berbern und Nomaden der marokkanischen Sahara-W\u00fcste zu interagieren. Aus diesem Grund arrangieren Ihre Fahrer exklusive Besuche der befestigten D\u00f6rfer oder der mitten im Nirgendwo errichteten Nomadenlager in der Sahara in Marokko, teilen eine Tasse Minztee mit ihnen und h\u00f6ren sich ihre Geschichten an, um ein gro\u00dfartiges Erlebnis in der Sahara zu erleben. Alle unsere Fahrzeuge, ob Minibusse f\u00fcr geteilte Marokko-W\u00fcstentouren ab Marrakesch oder 4 \u00d7 4-Minibusse und Luxus-Minibusse f\u00fcr private Marokko-W\u00fcstentouren, sind klimatisiert und werden von erfahrenen und freundlichen Fahrern \/ Guides vor Ort gefahren, die Deutsch, Englisch, Franz\u00f6sisch und manchmal sprechen Spanisch.<\/span><\/p>\n<h2><span style=\"font-weight: 400;\">Ma\u00dfgeschneiderte Marokko-W\u00fcstentouren von Marrakesch mit besonderer Sorgfalt<\/span><\/h2>\n<p><span style=\"font-weight: 400;\">Sollten Sie eine ma\u00dfgeschneiderte Reiseroute f\u00fcr sich, Ihre Familie mit Kindern oder Freunde ben\u00f6tigen, helfen wir Ihnen gerne dabei, Ihre Traumroute f\u00fcr eine Marokko-W\u00fcstentour an Ihr Budget, Ihren Zeitplan und Ihre Sehensw\u00fcrdigkeiten anzupassen: Arch\u00e4ologie, Astronomie und Geologie W\u00fcstentouren geh\u00f6ren zu Ihren Spezialthemen. Wir haben ganz spezielle Preise f\u00fcr Studentengruppen, die bereit sind, von Marrakesch in die marokkanische Sahara zu reisen. Wir haben verschiedene internationale Universit\u00e4tsstudenten bedient, die von Marrakesch nach Merzouga oder in die W\u00fcste Zagora und nach Fes reisen. Bei Fragen zu unseren Marokko-W\u00fcstentouren ab Marrakesch oder wenn Sie m\u00f6chten, dass unser Verkaufsteam Ihre Traumw\u00fcstentour ab Marrakesch oder Fes individuell gestaltet, z\u00f6gern Sie bitte nicht, uns zu kontaktieren. Wir helfen Ihnen gerne weiter<\/span><\/p>\n<p><span style=\"font-weight: 400;\">Eine private Ganztagestour (6 Stunden, einschlie\u00dflich einer Stunde zum Mittagessen und wenn Sie nicht zu Mittag essen m\u00f6chten, dauert die Tour insgesamt 5 Stunden):<\/span><\/p>\n<p><span style=\"font-weight: 400;\">\u00a0Sie sehen folgende Denkm\u00e4ler:<\/span><\/p>\n<p><span style=\"font-weight: 400;\">\u00a0Majorelle Garten<\/span><\/p>\n<p><span style=\"font-weight: 400;\">\u00a0Die Koutoubia-Moschee<\/span><\/p>\n<p><span style=\"font-weight: 400;\">\u00a0Der Bahia-Palast<\/span><\/p>\n<p><span style=\"font-weight: 400;\">\u00a0Die saadischen Gr\u00e4ber<\/span><\/p>\n<p><span style=\"font-weight: 400;\">\u00a0Eine Pause zum Mittagessen<\/span><\/p>\n<p><span style=\"font-weight: 400;\">\u00a0Das Labyrinth der alten Medina<\/span><\/p>\n<p><span style=\"font-weight: 400;\">\u00a0Der Souq<\/span><\/p>\n<p><span style=\"font-weight: 400;\">\u00a0Der soziale Aspekt der Stadt (der \u00f6ffentliche Ofen, der Ofen ex &#8230;..)<\/span><\/p>\n<p><span style=\"font-weight: 400;\">\u00a0Die private Ganztagestour kostet 100 Euro (bis zu 4 Personen)<\/span><\/p>\n<p>&nbsp;<\/p>\n<p><span style=\"font-weight: 400;\">Eine halbprivate Tagestour kostet 50 Euro. Das Programm wird sein<\/span><\/p>\n<p><span style=\"font-weight: 400;\">\u00a0Die Koutoubia-Moschee<\/span><\/p>\n<p><span style=\"font-weight: 400;\">\u00a0Der Bahia-Palast<\/span><\/p>\n<p><span style=\"font-weight: 400;\">\u00a0Der Souq und das Labyrinth der alten Medina<\/span><\/p>\n<p>&nbsp;<\/p>\n<p><span style=\"font-weight: 400;\">Die oben genannten Preise beinhalten keine Denkmalgeb\u00fchren, Essen, Transport oder Trinkgeld.<\/span><\/p>\n<p>&nbsp;<\/p>\n<p><span style=\"font-weight: 400;\">Unser Unternehmen bietet auch Gruppenreisen an. Besuchen Sie tripadvisor auf unserer Website <\/span><a href=\"http:\/\/www.marrakechtourguide.com\"><span style=\"font-weight: 400;\">www.marrakechtourguide.com<\/span><\/a><\/p>\n<p>&nbsp;<\/p>\n<p><span style=\"font-weight: 400;\">Wenn Sie Ausfl\u00fcge au\u00dferhalb von Marrakesch (Imlil, Ourika-Tal oder Essaouira) w\u00fcnschen, k\u00f6nnen wir dies f\u00fcr Sie tun. Bitte beachten Sie die Preise auf unserer Website <\/span><a href=\"http:\/\/www.marrakechtourguide.com\"><span style=\"font-weight: 400;\">www.marrakechtourguide.com<\/span><\/a><\/p>\n<p>&nbsp;<\/p>\n<h2 style=\"text-align: center;\">Kontaktiere uns<\/h2>\n<table class=\"table aligncenter\" style=\"text-align: center; border: 3px solid green; margin: auto;\">\n<tbody>\n<tr>\n<td style=\"padding: 20px;\" width=\"626\">&nbsp;<\/p>\n<div role=\"form\" class=\"wpcf7\" id=\"wpcf7-f147-o1\" lang=\"en-US\" dir=\"ltr\">\n<div class=\"screen-reader-response\" role=\"alert\" aria-live=\"polite\"><\/div>\n<form action=\"\/blog\/wp-json\/wp\/v2\/pages\/167#wpcf7-f147-o1\" method=\"post\" class=\"wpcf7-form init\" novalidate=\"novalidate\">\n<div style=\"display: none;\">\n<input type=\"hidden\" name=\"_wpcf7\" value=\"147\" \/>\n<input type=\"hidden\" name=\"_wpcf7_version\" value=\"5.2.1\" \/>\n<input type=\"hidden\" name=\"_wpcf7_locale\" value=\"en_US\" \/>\n<input type=\"hidden\" name=\"_wpcf7_unit_tag\" value=\"wpcf7-f147-o1\" \/>\n<input type=\"hidden\" name=\"_wpcf7_container_post\" value=\"0\" \/>\n<input type=\"hidden\" name=\"_wpcf7_posted_data_hash\" value=\"\" \/>\n<input type=\"hidden\" name=\"_wpcf7_recaptcha_response\" value=\"\" \/>\n<\/div>\n<p><center><br \/>\n<label> Your Name (required)<br \/>\n    <span class=\"wpcf7-form-control-wrap your-name\"><input type=\"text\" name=\"your-name\" value=\"\" size=\"40\" class=\"wpcf7-form-control wpcf7-text wpcf7-validates-as-required\" aria-required=\"true\" aria-invalid=\"false\" \/><\/span> <\/label><\/p>\n<p><label> Your Email (required)<br \/>\n    <span class=\"wpcf7-form-control-wrap your-email\"><input type=\"email\" name=\"your-email\" value=\"\" size=\"40\" class=\"wpcf7-form-control wpcf7-text wpcf7-email wpcf7-validates-as-required wpcf7-validates-as-email\" aria-required=\"true\" aria-invalid=\"false\" \/><\/span> <\/label><\/p>\n<p><label> Subject<br \/>\n    <span class=\"wpcf7-form-control-wrap your-subject\"><input type=\"text\" name=\"your-subject\" value=\"\" size=\"40\" class=\"wpcf7-form-control wpcf7-text\" aria-invalid=\"false\" \/><\/span> <\/label><\/p>\n<p><label> Your Message<br \/>\n    <span class=\"wpcf7-form-control-wrap your-message\"><textarea name=\"your-message\" cols=\"40\" rows=\"10\" class=\"wpcf7-form-control wpcf7-textarea\" aria-invalid=\"false\"><\/textarea><\/span> <\/label><\/p>\n<p><input type=\"submit\" value=\"Send\" class=\"wpcf7-form-control wpcf7-submit form-control btn-warning\" \/><br \/>\n<\/center><\/p>\n<div class=\"wpcf7-response-output\" role=\"alert\" aria-hidden=\"true\"><\/div><\/form><\/div>\n<p>&nbsp;<\/td>\n<\/tr>\n<\/tbody>\n<\/table>\n","protected":false},"excerpt":{"rendered":"<p>Marokko W\u00fcstentouren Marrakesch Tour Guide ist eine Marke eines voll lizenzierten Bonded Tour-Unternehmens mit Sitz in Marrakesch. Wir sind spezialisiert [&hellip;]<\/p>\n","protected":false},"author":1,"featured_media":0,"parent":0,"menu_order":0,"comment_status":"closed","ping_status":"closed","template":"","meta":[],"yoast_head":"<!-- This site is optimized with the Yoast SEO plugin v19.6.1 - https:\/\/yoast.com\/wordpress\/plugins\/seo\/ -->\n<title>Marrakesch w\u00fcstentour - Marrakesch Reiseleiter - Marokko W\u00fcstentouren<\/title>\n<meta name=\"description\" content=\"Marokko W\u00fcstentouren, Sie suchen einen g\u00fcnstigen privaten Reiseleiter? Nun, die W\u00fcstentour durch Marrakesch l\u00e4dt Sie ein, eine wunderbare private Erfahrung in der W\u00fcstentour durch Marrakesch zu erleben. Kontaktiere uns jetzt!\" \/>\n<meta name=\"robots\" content=\"index, follow, max-snippet:-1, max-image-preview:large, max-video-preview:-1\" \/>\n<link rel=\"canonical\" href=\"https:\/\/www.marrakechtourguide.com\/blog\/marrakesch-wustentour-marrakesch-reiseleiter-marokko-wustentouren\/\" \/>\n<meta property=\"og:locale\" content=\"en_US\" \/>\n<meta property=\"og:type\" content=\"article\" \/>\n<meta property=\"og:title\" content=\"Marrakesch w\u00fcstentour - Marrakesch Reiseleiter - Marokko W\u00fcstentouren\" \/>\n<meta property=\"og:description\" content=\"Marokko W\u00fcstentouren, Sie suchen einen g\u00fcnstigen privaten Reiseleiter? Nun, die W\u00fcstentour durch Marrakesch l\u00e4dt Sie ein, eine wunderbare private Erfahrung in der W\u00fcstentour durch Marrakesch zu erleben. Kontaktiere uns jetzt!\" \/>\n<meta property=\"og:url\" content=\"https:\/\/www.marrakechtourguide.com\/blog\/marrakesch-wustentour-marrakesch-reiseleiter-marokko-wustentouren\/\" \/>\n<meta property=\"og:site_name\" content=\"Marrakeh tour guide\" \/>\n<meta property=\"article:modified_time\" content=\"2021-04-12T16:22:22+00:00\" \/>\n<meta name=\"twitter:card\" content=\"summary_large_image\" \/>\n<meta name=\"twitter:label1\" content=\"Est. reading time\" \/>\n\t<meta name=\"twitter:data1\" content=\"5 minutes\" \/>\n<script type=\"application\/ld+json\" class=\"yoast-schema-graph\">{\"@context\":\"https:\/\/schema.org\",\"@graph\":[{\"@type\":\"WebPage\",\"@id\":\"https:\/\/www.marrakechtourguide.com\/blog\/marrakesch-wustentour-marrakesch-reiseleiter-marokko-wustentouren\/\",\"url\":\"https:\/\/www.marrakechtourguide.com\/blog\/marrakesch-wustentour-marrakesch-reiseleiter-marokko-wustentouren\/\",\"name\":\"Marrakesch w\u00fcstentour - Marrakesch Reiseleiter - Marokko W\u00fcstentouren\",\"isPartOf\":{\"@id\":\"https:\/\/www.marrakechtourguide.com\/blog\/#website\"},\"datePublished\":\"2020-08-10T12:39:33+00:00\",\"dateModified\":\"2021-04-12T16:22:22+00:00\",\"description\":\"Marokko W\u00fcstentouren, Sie suchen einen g\u00fcnstigen privaten Reiseleiter? Nun, die W\u00fcstentour durch Marrakesch l\u00e4dt Sie ein, eine wunderbare private Erfahrung in der W\u00fcstentour durch Marrakesch zu erleben. Kontaktiere uns jetzt!\",\"breadcrumb\":{\"@id\":\"https:\/\/www.marrakechtourguide.com\/blog\/marrakesch-wustentour-marrakesch-reiseleiter-marokko-wustentouren\/#breadcrumb\"},\"inLanguage\":\"en-US\",\"potentialAction\":[{\"@type\":\"ReadAction\",\"target\":[\"https:\/\/www.marrakechtourguide.com\/blog\/marrakesch-wustentour-marrakesch-reiseleiter-marokko-wustentouren\/\"]}]},{\"@type\":\"BreadcrumbList\",\"@id\":\"https:\/\/www.marrakechtourguide.com\/blog\/marrakesch-wustentour-marrakesch-reiseleiter-marokko-wustentouren\/#breadcrumb\",\"itemListElement\":[{\"@type\":\"ListItem\",\"position\":1,\"name\":\"Home\",\"item\":\"https:\/\/www.marrakechtourguide.com\/blog\/\"},{\"@type\":\"ListItem\",\"position\":2,\"name\":\"Marrakesch w\u00fcstentour &#8211; Marrakesch Reiseleiter &#8211; Marokko W\u00fcstentouren\"}]},{\"@type\":\"WebSite\",\"@id\":\"https:\/\/www.marrakechtourguide.com\/blog\/#website\",\"url\":\"https:\/\/www.marrakechtourguide.com\/blog\/\",\"name\":\"Marrakech tour guide\",\"description\":\"Marrakeh tour guide\",\"potentialAction\":[{\"@type\":\"SearchAction\",\"target\":{\"@type\":\"EntryPoint\",\"urlTemplate\":\"https:\/\/www.marrakechtourguide.com\/blog\/?s={search_term_string}\"},\"query-input\":\"required name=search_term_string\"}],\"inLanguage\":\"en-US\"}]}<\/script>\n<!-- \/ Yoast SEO plugin. -->","yoast_head_json":{"title":"Marrakesch w\u00fcstentour - Marrakesch Reiseleiter - Marokko W\u00fcstentouren","description":"Marokko W\u00fcstentouren, Sie suchen einen g\u00fcnstigen privaten Reiseleiter? Nun, die W\u00fcstentour durch Marrakesch l\u00e4dt Sie ein, eine wunderbare private Erfahrung in der W\u00fcstentour durch Marrakesch zu erleben. Kontaktiere uns jetzt!","robots":{"index":"index","follow":"follow","max-snippet":"max-snippet:-1","max-image-preview":"max-image-preview:large","max-video-preview":"max-video-preview:-1"},"canonical":"https:\/\/www.marrakechtourguide.com\/blog\/marrakesch-wustentour-marrakesch-reiseleiter-marokko-wustentouren\/","og_locale":"en_US","og_type":"article","og_title":"Marrakesch w\u00fcstentour - Marrakesch Reiseleiter - Marokko W\u00fcstentouren","og_description":"Marokko W\u00fcstentouren, Sie suchen einen g\u00fcnstigen privaten Reiseleiter? Nun, die W\u00fcstentour durch Marrakesch l\u00e4dt Sie ein, eine wunderbare private Erfahrung in der W\u00fcstentour durch Marrakesch zu erleben. Kontaktiere uns jetzt!","og_url":"https:\/\/www.marrakechtourguide.com\/blog\/marrakesch-wustentour-marrakesch-reiseleiter-marokko-wustentouren\/","og_site_name":"Marrakeh tour guide","article_modified_time":"2021-04-12T16:22:22+00:00","twitter_card":"summary_large_image","twitter_misc":{"Est. reading time":"5 minutes"},"schema":{"@context":"https:\/\/schema.org","@graph":[{"@type":"WebPage","@id":"https:\/\/www.marrakechtourguide.com\/blog\/marrakesch-wustentour-marrakesch-reiseleiter-marokko-wustentouren\/","url":"https:\/\/www.marrakechtourguide.com\/blog\/marrakesch-wustentour-marrakesch-reiseleiter-marokko-wustentouren\/","name":"Marrakesch w\u00fcstentour - Marrakesch Reiseleiter - Marokko W\u00fcstentouren","isPartOf":{"@id":"https:\/\/www.marrakechtourguide.com\/blog\/#website"},"datePublished":"2020-08-10T12:39:33+00:00","dateModified":"2021-04-12T16:22:22+00:00","description":"Marokko W\u00fcstentouren, Sie suchen einen g\u00fcnstigen privaten Reiseleiter? Nun, die W\u00fcstentour durch Marrakesch l\u00e4dt Sie ein, eine wunderbare private Erfahrung in der W\u00fcstentour durch Marrakesch zu erleben. Kontaktiere uns jetzt!","breadcrumb":{"@id":"https:\/\/www.marrakechtourguide.com\/blog\/marrakesch-wustentour-marrakesch-reiseleiter-marokko-wustentouren\/#breadcrumb"},"inLanguage":"en-US","potentialAction":[{"@type":"ReadAction","target":["https:\/\/www.marrakechtourguide.com\/blog\/marrakesch-wustentour-marrakesch-reiseleiter-marokko-wustentouren\/"]}]},{"@type":"BreadcrumbList","@id":"https:\/\/www.marrakechtourguide.com\/blog\/marrakesch-wustentour-marrakesch-reiseleiter-marokko-wustentouren\/#breadcrumb","itemListElement":[{"@type":"ListItem","position":1,"name":"Home","item":"https:\/\/www.marrakechtourguide.com\/blog\/"},{"@type":"ListItem","position":2,"name":"Marrakesch w\u00fcstentour &#8211; Marrakesch Reiseleiter &#8211; Marokko W\u00fcstentouren"}]},{"@type":"WebSite","@id":"https:\/\/www.marrakechtourguide.com\/blog\/#website","url":"https:\/\/www.marrakechtourguide.com\/blog\/","name":"Marrakech tour guide","description":"Marrakeh tour guide","potentialAction":[{"@type":"SearchAction","target":{"@type":"EntryPoint","urlTemplate":"https:\/\/www.marrakechtourguide.com\/blog\/?s={search_term_string}"},"query-input":"required name=search_term_string"}],"inLanguage":"en-US"}]}},"_links":{"self":[{"href":"https:\/\/www.marrakechtourguide.com\/blog\/wp-json\/wp\/v2\/pages\/167"}],"collection":[{"href":"https:\/\/www.marrakechtourguide.com\/blog\/wp-json\/wp\/v2\/pages"}],"about":[{"href":"https:\/\/www.marrakechtourguide.com\/blog\/wp-json\/wp\/v2\/types\/page"}],"author":[{"embeddable":true,"href":"https:\/\/www.marrakechtourguide.com\/blog\/wp-json\/wp\/v2\/users\/1"}],"replies":[{"embeddable":true,"href":"https:\/\/www.marrakechtourguide.com\/blog\/wp-json\/wp\/v2\/comments?post=167"}],"version-history":[{"count":13,"href":"https:\/\/www.marrakechtourguide.com\/blog\/wp-json\/wp\/v2\/pages\/167\/revisions"}],"predecessor-version":[{"id":237,"href":"https:\/\/www.marrakechtourguide.com\/blog\/wp-json\/wp\/v2\/pages\/167\/revisions\/237"}],"wp:attachment":[{"href":"https:\/\/www.marrakechtourguide.com\/blog\/wp-json\/wp\/v2\/media?parent=167"}],"curies":[{"name":"wp","href":"https:\/\/api.w.org\/{rel}","templated":true}]}}